{"id":2799,"date":"2025-11-21T17:40:25","date_gmt":"2025-11-21T17:40:25","guid":{"rendered":"https:\/\/mamofaktura.com\/produkt\/dyndak-ring\/"},"modified":"2025-11-21T17:40:25","modified_gmt":"2025-11-21T17:40:25","slug":"dyndak-ring","status":"publish","type":"product","link":"https:\/\/mamofaktura.com\/en\/product\/dyndak-ring\/","title":{"rendered":"Dyndak Ring"},"content":{"rendered":"<div class=\"xdj266r x14z9mp xat24cr x1lziwak x1vvkbs x126k92a\">\n<div dir=\"auto\">I love days when everything just sways and flows, when I don\u2019t have to do anything except surrender to the flow \u2014 not necessarily the watery kind \ud83d\ude09<\/div>\n<\/div>\n<div class=\"x14z9mp xat24cr x1lziwak x1vvkbs xtlvy1s x126k92a\">\n<div dir=\"auto\">The result of such days is always a kind of heightened activity, almost a mania&#8230;<\/div>\n<\/div>\n<div class=\"x14z9mp xat24cr x1lziwak x1vvkbs xtlvy1s x126k92a\">\n<div dir=\"auto\">just the flow. no pressure, no stress, no externally imposed pace \u2014 and things just happen on their own\u2026 in those moments I can finish five felt pieces in a row or several pieces of jewelry, because everything comes together, sticks, and felts like never before\u2026<\/div>\n<\/div>\n<div dir=\"auto\">That\u2019s how it was on the day this ring came to life. I hope it transfers this beneficial state onto you \ud83d\ude09<\/div>\n<div dir=\"auto\"><\/div>\n<div dir=\"auto\">Wykonany z miedzi, ze zwisaj\u0105cym elementem, kt\u00f3ry \u0142ypie r\u00f3\u017cowym oczkiem. This stone is faceted in a rosette, so it sparkles beautifully and geometrically with every movement of the hand.<\/div>\n<div dir=\"auto\"><\/div>\n<div dir=\"auto\">Ring size 15<\/div>\n<div class=\"x14z9mp xat24cr x1lziwak x1vvkbs xtlvy1s x126k92a\">\n<div dir=\"auto\"><\/div>\n<\/div>\n","protected":false},"excerpt":{"rendered":"<p>I love days when everything just sways and flows, when I don\u2019t have to do anything except surrender to the flow \u2014 not necessarily the watery kind \ud83d\ude09 The result of such days is always a kind of heightened activity, almost a mania&#8230; just the flow. no pressure, no stress, no externally imposed pace \u2014&#8230;<\/p>\n","protected":false},"featured_media":1854,"comment_status":"closed","ping_status":"closed","template":"","meta":{"_kad_post_transparent":"","_kad_post_title":"","_kad_post_layout":"","_kad_post_sidebar_id":"","_kad_post_content_style":"","_kad_post_vertical_padding":"","_kad_post_feature":"","_kad_post_feature_position":"","_kad_post_header":false,"_kad_post_footer":false,"_kad_post_classname":""},"product_brand":[],"product_cat":[184],"product_tag":[],"class_list":{"0":"post-2799","1":"product","2":"type-product","3":"status-publish","4":"has-post-thumbnail","6":"product_cat-rings","7":"pa_rozmiar-pierscionka-384","9":"first","10":"instock","11":"shipping-taxable","12":"purchasable","13":"product-type-simple","14":"entry","15":"content-bg","16":"loop-entry"},"jetpack_sharing_enabled":true,"_links":{"self":[{"href":"https:\/\/mamofaktura.com\/en\/wp-json\/wp\/v2\/product\/2799","targetHints":{"allow":["GET"]}}],"collection":[{"href":"https:\/\/mamofaktura.com\/en\/wp-json\/wp\/v2\/product"}],"about":[{"href":"https:\/\/mamofaktura.com\/en\/wp-json\/wp\/v2\/types\/product"}],"replies":[{"embeddable":true,"href":"https:\/\/mamofaktura.com\/en\/wp-json\/wp\/v2\/comments?post=2799"}],"wp:featuredmedia":[{"embeddable":true,"href":"https:\/\/mamofaktura.com\/en\/wp-json\/wp\/v2\/media\/1854"}],"wp:attachment":[{"href":"https:\/\/mamofaktura.com\/en\/wp-json\/wp\/v2\/media?parent=2799"}],"wp:term":[{"taxonomy":"product_brand","embeddable":true,"href":"https:\/\/mamofaktura.com\/en\/wp-json\/wp\/v2\/product_brand?post=2799"},{"taxonomy":"product_cat","embeddable":true,"href":"https:\/\/mamofaktura.com\/en\/wp-json\/wp\/v2\/product_cat?post=2799"},{"taxonomy":"product_tag","embeddable":true,"href":"https:\/\/mamofaktura.com\/en\/wp-json\/wp\/v2\/product_tag?post=2799"}],"curies":[{"name":"wp","href":"https:\/\/api.w.org\/{rel}","templated":true}]}}